{"id":61,"date":"2015-02-01T18:50:45","date_gmt":"2015-02-01T18:50:45","guid":{"rendered":"http:\/\/www.deportivamente.com\/wordpress\/?page_id=61"},"modified":"2015-04-06T18:36:37","modified_gmt":"2015-04-06T18:36:37","slug":"videos","status":"publish","type":"page","link":"https:\/\/www.deportivamente.com\/wordpress\/videos\/","title":{"rendered":"V\u00eddeos"},"content":{"rendered":"[vc_row][vc_column width=&#8221;1\/1&#8243;]<div  class=\"x-video embed with-container\" ><div class=\"x-video-inner\"><div  class=\"x-video embed with-container\" ><div class=\"x-video-inner\"><\/div><\/div><iframe loading=\"lazy\" src=\"https:\/\/www.youtube.com\/embed\/Ug0sagRzeWI\" width=\"560\" height=\"315\" frameborder=\"0\" allowfullscreen=\"allowfullscreen\"><\/iframe><div  class=\"x-video embed with-container\" ><div class=\"x-video-inner\"><\/div><\/div><\/div><\/div><p>Resumen de conclusiones sobre el estudio realizado para Rexona sobre &#8220;los beneficios psicol\u00f3gicos del running&#8221;. Europapress<\/p>\n<div  class=\"x-video embed with-container\" ><div class=\"x-video-inner\"><iframe loading=\"lazy\" src=\"https:\/\/www.youtube.com\/embed\/K7m9AXaKKzc\" width=\"560\" height=\"315\" frameborder=\"0\" allowfullscreen=\"allowfullscreen\"><\/iframe><\/div><\/div><p>V\u00eddeo divertid\u00edsimo del duelo entre Xavi Valls y yo de baloncesto en el programa &#8220;Esport Club&#8221;con repercusi\u00f3n mundial en los medios;-)<\/p>\n<div  class=\"x-video embed with-container\" ><div class=\"x-video-inner\"><iframe loading=\"lazy\" src=\"https:\/\/www.youtube.com\/embed\/_NnUjHVOL2I\" width=\"420\" height=\"315\" frameborder=\"0\" allowfullscreen=\"allowfullscreen\"><\/iframe><\/div><\/div><p>Explicaci\u00f3n (en catal\u00e1n) de las claves psicol\u00f3gicas para lanzar correctamente un penalty desde el punto de vista de la concentraci\u00f3n.<\/p>\n<div  class=\"x-video embed with-container\" ><div class=\"x-video-inner\"><iframe loading=\"lazy\" src=\"https:\/\/www.youtube.com\/embed\/k73WwIU_g5E\" width=\"560\" height=\"315\" frameborder=\"0\" allowfullscreen=\"allowfullscreen\"><\/iframe><\/div><\/div><p>Explicaci\u00f3n de las 3 principales claves psicol\u00f3gicas que diferencian a Cristiano Ronaldo, Messi y Rafa Nadal.<\/p>\n<div  class=\"x-video embed with-container\" ><div class=\"x-video-inner\">\n<div style=\"width: 100%; padding-top: 64%; position: relative; border-bottom: 1px solid #aaa; display: inline-block; background: rgba(255,255,255,0.9);\"><iframe loading=\"lazy\" src=\"http:\/\/www.rtve.es\/drmn\/embed\/video\/749920\" width=\"300\" height=\"150\" frameborder=\"0\"><br \/>\nname=&#8221;Debates: \u00c1rbitros&#8221; scrolling=&#8221;no&#8221; style=&#8221;width:100%;height:90%;position:absolute;left:0;top:0;overflow:hidden;&#8221;  &gt;<\/iframe><\/div>\n<div style=\"position: absolute; bottom: 0; left: 0; font-family: arial,helvetica,sans-serif; font-size: 12px; line-height: 1.833; display: inline-block; padding: 5px 0 5px 10px;\"><span style=\"float: left; margin-right: 10px;\">&lt;img<br \/>\nstyle=&#8221;height:20px;width:auto;background: transparent;padding:0;margin:0;&#8221;<br \/>\nsrc=&#8221;http:\/\/img.irtve.es\/css\/rtve.commons\/rtve.header.footer\/i\/logoRTVEes.png&#8221;&gt;<\/span> &lt;a<br \/>\nstyle=&#8221;color:#333;font-weight:bold;&#8221; title=&#8221;Debates: \u00c1rbitros&#8221;<br \/>\nhref=&#8221;http:\/\/www.rtve.es\/alacarta\/videos\/para-todos-la-2\/para-todos-2-debates-arbitros\/749920\/&#8221;&gt;<strong>Debates: \u00c1rbitros<\/strong><\/div>\n<\/div><\/div><p>Entrevista en TVE sobre el papel de los \u00e1rbitros y mi libro sobre psicolog\u00eda del arbitraje.<\/p>\n[\/vc_column][\/vc_row]\n","protected":false},"excerpt":{"rendered":"<p>[vc_row][vc_column width=&#8221;1\/1&#8243;][\/vc_column][\/vc_row]<\/p>\n","protected":false},"author":1,"featured_media":0,"parent":0,"menu_order":0,"comment_status":"closed","ping_status":"closed","template":"template-layout-full-width.php","meta":[],"aioseo_notices":[],"_links":{"self":[{"href":"https:\/\/www.deportivamente.com\/wordpress\/wp-json\/wp\/v2\/pages\/61"}],"collection":[{"href":"https:\/\/www.deportivamente.com\/wordpress\/wp-json\/wp\/v2\/pages"}],"about":[{"href":"https:\/\/www.deportivamente.com\/wordpress\/wp-json\/wp\/v2\/types\/page"}],"author":[{"embeddable":true,"href":"https:\/\/www.deportivamente.com\/wordpress\/wp-json\/wp\/v2\/users\/1"}],"replies":[{"embeddable":true,"href":"https:\/\/www.deportivamente.com\/wordpress\/wp-json\/wp\/v2\/comments?post=61"}],"version-history":[{"count":22,"href":"https:\/\/www.deportivamente.com\/wordpress\/wp-json\/wp\/v2\/pages\/61\/revisions"}],"predecessor-version":[{"id":572,"href":"https:\/\/www.deportivamente.com\/wordpress\/wp-json\/wp\/v2\/pages\/61\/revisions\/572"}],"wp:attachment":[{"href":"https:\/\/www.deportivamente.com\/wordpress\/wp-json\/wp\/v2\/media?parent=61"}],"curies":[{"name":"wp","href":"https:\/\/api.w.org\/{rel}","templated":true}]}}