{"id":71,"date":"2015-02-01T18:56:01","date_gmt":"2015-02-01T18:56:01","guid":{"rendered":"http:\/\/www.deportivamente.com\/wordpress\/?page_id=71"},"modified":"2020-01-21T20:11:19","modified_gmt":"2020-01-21T20:11:19","slug":"contacto","status":"publish","type":"page","link":"https:\/\/www.deportivamente.com\/wordpress\/contacto\/","title":{"rendered":"Contacto"},"content":{"rendered":"<div id=\"cs-content\" class=\"cs-content\" >\n<div class=\"e71-1 x-section\" >\n      \n<div class=\"e71-2 x-row x-container max width\" >\n  <div class=\"x-row-inner\">\n    \n<div class=\"e71-3 x-col\" >\n    \n<div class=\"e71-4 x-bar-content-area\" >\n  <p>Deportivamente se encuentra en una de las mejores zonas de Barcelona; concretamente en la Calle Balmes 440; entresuelo F, justo en frente del m\u00edtico Club de Tenis Barcino.<\/p>\n<p><span><img class=\"x-img x-img-none none jetpack-lazy-image jetpack-lazy-image--handled\" src=\"https:\/\/i1.wp.com\/www.deportivamente.com\/wordpress\/wp-content\/uploads\/2015\/02\/20150206_181030.jpg?fit=2048%2C1152\" data-lazy-loaded=\"1\" \/><img class=\"x-img x-img-none none jetpack-lazy-image jetpack-lazy-image--handled\" src=\"https:\/\/i0.wp.com\/www.deportivamente.com\/wordpress\/wp-content\/uploads\/2015\/03\/foto-despacho-3.jpg?fit=960%2C540\" data-lazy-loaded=\"1\" \/><\/span><\/p>\n<p>El despacho est\u00e1 totalmente equipado con todos los servicios y materiales propios para realizar las sesiones individuales con todos los clientes.<\/p>\n<p><span><img class=\"x-img x-img-none none jetpack-lazy-image jetpack-lazy-image--handled\" src=\"https:\/\/i0.wp.com\/www.deportivamente.com\/wordpress\/wp-content\/uploads\/2015\/03\/foto-despacho-1.jpg?fit=960%2C540\" data-lazy-loaded=\"1\" \/><\/span><\/p>\n<p>El despacho tambi\u00e9n dispone de una sala de reuniones para formaci\u00f3n por grupos, sesi\u00f3n de v\u00eddeos, diapositivas, etc\u2026<\/p>\n<p><span><img class=\"x-img x-img-none none jetpack-lazy-image jetpack-lazy-image--handled\" src=\"https:\/\/i1.wp.com\/www.deportivamente.com\/wordpress\/wp-content\/uploads\/2015\/03\/foto-despacho-4.jpg?fit=960%2C540\" data-lazy-loaded=\"1\" \/><\/span><\/p>\n<p>Para solicitar una primera sesi\u00f3n o realizar cualquier consulta, por favor, env\u00eda un whatsapp al movil de informaci\u00f3n <a href=\"https:\/\/wa.me\/34610406092\">610 40 60 92<\/a> o al correo electr\u00f3nico <a href=\"mailto:info@deportivamente.com\">info@deportivamente.com<\/a> indicando tu nombre y brevemente el asunto sobre el que trata la demanda y nos pondremos en contacto contigo lo antes posible para acabar de concretar todos los detalles.<\/p><\/div>\n<\/div>\n  <\/div>\n  <\/div>\n  <\/div>\n<\/div>\n","protected":false},"excerpt":{"rendered":"","protected":false},"author":1,"featured_media":0,"parent":0,"menu_order":0,"comment_status":"closed","ping_status":"closed","template":"template-layout-full-width.php","meta":[],"aioseo_notices":[],"_links":{"self":[{"href":"https:\/\/www.deportivamente.com\/wordpress\/wp-json\/wp\/v2\/pages\/71"}],"collection":[{"href":"https:\/\/www.deportivamente.com\/wordpress\/wp-json\/wp\/v2\/pages"}],"about":[{"href":"https:\/\/www.deportivamente.com\/wordpress\/wp-json\/wp\/v2\/types\/page"}],"author":[{"embeddable":true,"href":"https:\/\/www.deportivamente.com\/wordpress\/wp-json\/wp\/v2\/users\/1"}],"replies":[{"embeddable":true,"href":"https:\/\/www.deportivamente.com\/wordpress\/wp-json\/wp\/v2\/comments?post=71"}],"version-history":[{"count":24,"href":"https:\/\/www.deportivamente.com\/wordpress\/wp-json\/wp\/v2\/pages\/71\/revisions"}],"predecessor-version":[{"id":1070,"href":"https:\/\/www.deportivamente.com\/wordpress\/wp-json\/wp\/v2\/pages\/71\/revisions\/1070"}],"wp:attachment":[{"href":"https:\/\/www.deportivamente.com\/wordpress\/wp-json\/wp\/v2\/media?parent=71"}],"curies":[{"name":"wp","href":"https:\/\/api.w.org\/{rel}","templated":true}]}}